{"id":1701,"date":"2021-11-03T16:35:54","date_gmt":"2021-11-03T21:35:54","guid":{"rendered":"https:\/\/escencialifestyle.com\/blog\/"},"modified":"2022-04-28T16:15:29","modified_gmt":"2022-04-28T21:15:29","slug":"blog","status":"publish","type":"page","link":"https:\/\/grupoescencia.com\/en\/blog\/","title":{"rendered":"Blog"},"content":{"rendered":"\t\t<div data-elementor-type=\"wp-page\" data-elementor-id=\"1701\" class=\"elementor elementor-1701\">\n\t\t\t\t\t\t\t\t\t<section class=\"elementor-section elementor-top-section elementor-element elementor-element-6781e75 elementor-section-height-min-height elementor-section-boxed elementor-section-height-default elementor-section-items-middle\" data-id=\"6781e75\" data-element_type=\"section\" data-settings=\"{&quot;background_background&quot;:&quot;classic&quot;}\">\n\t\t\t\t\t\t\t<div class=\"elementor-background-overlay\"><\/div>\n\t\t\t\t\t\t\t<div class=\"elementor-container elementor-column-gap-default\">\n\t\t\t\t\t<div class=\"elementor-column elementor-col-100 elementor-top-column elementor-element elementor-element-e48d1a2\" data-id=\"e48d1a2\" data-element_type=\"column\">\n\t\t\t<div class=\"elementor-widget-wrap elementor-element-populated\">\n\t\t\t\t\t\t\t\t<div class=\"elementor-element elementor-element-2efaa95 elementor-widget elementor-widget-heading\" data-id=\"2efaa95\" data-element_type=\"widget\" data-widget_type=\"heading.default\">\n\t\t\t\t<div class=\"elementor-widget-container\">\n\t\t\t<h3 class=\"elementor-heading-title elementor-size-default\">Being <\/h3>\t\t<\/div>\n\t\t\t\t<\/div>\n\t\t\t\t<div class=\"elementor-element elementor-element-c244841 elementor-widget elementor-widget-heading\" data-id=\"c244841\" data-element_type=\"widget\" data-widget_type=\"heading.default\">\n\t\t\t\t<div class=\"elementor-widget-container\">\n\t\t\t<h1 class=\"elementor-heading-title elementor-size-default\">Escencia<\/h1>\t\t<\/div>\n\t\t\t\t<\/div>\n\t\t\t\t\t<\/div>\n\t\t<\/div>\n\t\t\t\t\t\t\t<\/div>\n\t\t<\/section>\n\t\t\t\t<section class=\"elementor-section elementor-top-section elementor-element elementor-element-9f96301 elementor-section-boxed elementor-section-height-default elementor-section-height-default\" data-id=\"9f96301\" data-element_type=\"section\">\n\t\t\t\t\t\t<div class=\"elementor-container elementor-column-gap-default\">\n\t\t\t\t\t<div class=\"elementor-column elementor-col-100 elementor-top-column elementor-element elementor-element-e577b5f\" data-id=\"e577b5f\" data-element_type=\"column\">\n\t\t\t<div class=\"elementor-widget-wrap elementor-element-populated\">\n\t\t\t\t\t\t\t\t<div class=\"elementor-element elementor-element-c949476 elementor-posts--thumbnail-left elementor-grid-1 elementor-posts--align-left elementor-grid-tablet-2 elementor-grid-mobile-1 elementor-widget elementor-widget-posts\" data-id=\"c949476\" data-element_type=\"widget\" data-settings=\"{&quot;classic_columns&quot;:&quot;1&quot;,&quot;classic_row_gap&quot;:{&quot;unit&quot;:&quot;px&quot;,&quot;size&quot;:0,&quot;sizes&quot;:[]},&quot;pagination_type&quot;:&quot;numbers_and_prev_next&quot;,&quot;classic_columns_tablet&quot;:&quot;2&quot;,&quot;classic_columns_mobile&quot;:&quot;1&quot;,&quot;classic_row_gap_tablet&quot;:{&quot;unit&quot;:&quot;px&quot;,&quot;size&quot;:&quot;&quot;,&quot;sizes&quot;:[]},&quot;classic_row_gap_mobile&quot;:{&quot;unit&quot;:&quot;px&quot;,&quot;size&quot;:&quot;&quot;,&quot;sizes&quot;:[]}}\" data-widget_type=\"posts.classic\">\n\t\t\t\t<div class=\"elementor-widget-container\">\n\t\t\t\t\t<div class=\"elementor-posts-container elementor-posts elementor-posts--skin-classic elementor-grid\">\n\t\t\t\t<article class=\"elementor-post elementor-grid-item post-2164 post type-post status-publish format-standard has-post-thumbnail hentry category-wellness-en\">\n\t\t\t\t<a class=\"elementor-post__thumbnail__link\" href=\"https:\/\/grupoescencia.com\/en\/los-nuevos-retos-que-ha-traido-la-pandemia-a-la-industria-hotelera-2\/\" >\n\t\t\t<div class=\"elementor-post__thumbnail\"><img decoding=\"async\" width=\"988\" height=\"578\" src=\"https:\/\/grupoescencia.com\/wp-content\/uploads\/2022\/04\/La-conserjeria-digital-una-herramienta-para-la-excelencia-blog-grupo-escencia-2.jpeg\" class=\"attachment-full size-full\" alt=\"\" \/><\/div>\n\t\t<\/a>\n\t\t\t\t<div class=\"elementor-post__text\">\n\t\t\t\t<h2 class=\"elementor-post__title\">\n\t\t\t<a href=\"https:\/\/grupoescencia.com\/en\/los-nuevos-retos-que-ha-traido-la-pandemia-a-la-industria-hotelera-2\/\" >\n\t\t\t\tLa conserjer\u00eda digital, una herramienta para la excelencia\t\t\t<\/a>\n\t\t<\/h2>\n\t\t\t\t<div class=\"elementor-post__meta-data\">\n\t\t\t\t\t<span class=\"elementor-post-date\">\n\t\t\t28 April, 2022\t\t<\/span>\n\t\t\t\t<\/div>\n\t\t\t\t<div class=\"elementor-post__excerpt\">\n\t\t\t<p>En la entrada anterior de este blog, expusimos algunas de las tendencias en servicio y operaci\u00f3n hotelera que fueron adoptadas a ra\u00edz de la crisis que trajo la pandemia de la COVID 19 a la industria del turismo. En una coyuntura donde la transformaci\u00f3n digital ven\u00eda posicion\u00e1ndose de manera importante surge la pandemia, y hace a\u00fan m\u00e1s relevantes todas las herramientas digitales para el trabajo y para la vida cotidiana. Aprendimos a trabajar de manera remota, algo que para muchas<\/p>\n\t\t<\/div>\n\t\t\n\t\t<a class=\"elementor-post__read-more\" href=\"https:\/\/grupoescencia.com\/en\/los-nuevos-retos-que-ha-traido-la-pandemia-a-la-industria-hotelera-2\/\" >\n\t\t\t+ More\t\t<\/a>\n\n\t\t\t\t<\/div>\n\t\t\t\t<\/article>\n\t\t\t\t<article class=\"elementor-post elementor-grid-item post-2098 post type-post status-publish format-standard has-post-thumbnail hentry category-wellness-en\">\n\t\t\t\t<a class=\"elementor-post__thumbnail__link\" href=\"https:\/\/grupoescencia.com\/en\/los-nuevos-retos-que-ha-traido-la-pandemia-a-la-industria-hotelera\/\" >\n\t\t\t<div class=\"elementor-post__thumbnail\"><img decoding=\"async\" width=\"1223\" height=\"715\" src=\"https:\/\/grupoescencia.com\/wp-content\/uploads\/2021\/11\/Blog-grupo-escencia-opt.jpg\" class=\"attachment-full size-full\" alt=\"\" \/><\/div>\n\t\t<\/a>\n\t\t\t\t<div class=\"elementor-post__text\">\n\t\t\t\t<h2 class=\"elementor-post__title\">\n\t\t\t<a href=\"https:\/\/grupoescencia.com\/en\/los-nuevos-retos-que-ha-traido-la-pandemia-a-la-industria-hotelera\/\" >\n\t\t\t\tLos nuevos retos que ha tra\u00eddo la pandemia a la industria hotelera\t\t\t<\/a>\n\t\t<\/h2>\n\t\t\t\t<div class=\"elementor-post__meta-data\">\n\t\t\t\t\t<span class=\"elementor-post-date\">\n\t\t\t3 November, 2021\t\t<\/span>\n\t\t\t\t<\/div>\n\t\t\t\t<div class=\"elementor-post__excerpt\">\n\t\t\t<p>En marzo de 2020 el mundo entero vivi\u00f3 un momento de pausa y de silencio ante la total incertidumbre y el miedo por la crisis mundial, que a todo nivel, gener\u00f3 la pandemia de la COVID 19. R\u00e1pidamente tuvimos que interrumpir nuestras rutinas diarias, y millones de eventos fueron cancelados o postergados, muchos sectores se vieron afectados de manera inmediata, siendo el del turismo quiz\u00e1s el m\u00e1s impactado, sufriendo consecuencias inimaginables imposibles de prever y muy dif\u00edciles de contener. De<\/p>\n\t\t<\/div>\n\t\t\n\t\t<a class=\"elementor-post__read-more\" href=\"https:\/\/grupoescencia.com\/en\/los-nuevos-retos-que-ha-traido-la-pandemia-a-la-industria-hotelera\/\" >\n\t\t\t+ More\t\t<\/a>\n\n\t\t\t\t<\/div>\n\t\t\t\t<\/article>\n\t\t\t\t<\/div>\n\t\t\n\t\t\t\t<\/div>\n\t\t\t\t<\/div>\n\t\t\t\t\t<\/div>\n\t\t<\/div>\n\t\t\t\t\t\t\t<\/div>\n\t\t<\/section>\n\t\t\t\t\t\t\t<\/div>\n\t\t","protected":false},"excerpt":{"rendered":"<p>Being Escencia<\/p>\n","protected":false},"author":1,"featured_media":0,"parent":0,"menu_order":0,"comment_status":"closed","ping_status":"closed","template":"","meta":{"site-sidebar-layout":"no-sidebar","site-content-layout":"page-builder","ast-global-header-display":"","ast-main-header-display":"","ast-hfb-above-header-display":"","ast-hfb-below-header-display":"","ast-hfb-mobile-header-display":"","site-post-title":"disabled","ast-breadcrumbs-content":"","ast-featured-img":"disabled","footer-sml-layout":"","theme-transparent-header-meta":"","adv-header-id-meta":"","stick-header-meta":"","header-above-stick-meta":"","header-main-stick-meta":"","header-below-stick-meta":"","footnotes":""},"class_list":["post-1701","page","type-page","status-publish","hentry"],"yoast_head":"<!-- This site is optimized with the Yoast SEO plugin v19.10 - https:\/\/yoast.com\/wordpress\/plugins\/seo\/ -->\n<title>Blog - Grupo Escencia<\/title>\n<meta name=\"robots\" content=\"index, follow, max-snippet:-1, max-image-preview:large, max-video-preview:-1\" \/>\n<link rel=\"canonical\" href=\"https:\/\/grupoescencia.com\/en\/blog\/\" \/>\n<meta property=\"og:locale\" content=\"en_US\" \/>\n<meta property=\"og:type\" content=\"article\" \/>\n<meta property=\"og:title\" content=\"Blog - Grupo Escencia\" \/>\n<meta property=\"og:description\" content=\"Being Escencia\" \/>\n<meta property=\"og:url\" content=\"https:\/\/grupoescencia.com\/en\/blog\/\" \/>\n<meta property=\"og:site_name\" content=\"Grupo Escencia\" \/>\n<meta property=\"article:modified_time\" content=\"2022-04-28T21:15:29+00:00\" \/>\n<meta name=\"twitter:card\" content=\"summary_large_image\" \/>\n<meta name=\"twitter:label1\" content=\"Est. reading time\" \/>\n\t<meta name=\"twitter:data1\" content=\"2 minutes\" \/>\n<script type=\"application\/ld+json\" class=\"yoast-schema-graph\">{\"@context\":\"https:\/\/schema.org\",\"@graph\":[{\"@type\":\"WebPage\",\"@id\":\"https:\/\/grupoescencia.com\/en\/blog\/\",\"url\":\"https:\/\/grupoescencia.com\/en\/blog\/\",\"name\":\"Blog - Grupo Escencia\",\"isPartOf\":{\"@id\":\"https:\/\/grupoescencia.com\/#website\"},\"datePublished\":\"2021-11-03T21:35:54+00:00\",\"dateModified\":\"2022-04-28T21:15:29+00:00\",\"breadcrumb\":{\"@id\":\"https:\/\/grupoescencia.com\/en\/blog\/#breadcrumb\"},\"inLanguage\":\"en-US\",\"potentialAction\":[{\"@type\":\"ReadAction\",\"target\":[\"https:\/\/grupoescencia.com\/en\/blog\/\"]}]},{\"@type\":\"BreadcrumbList\",\"@id\":\"https:\/\/grupoescencia.com\/en\/blog\/#breadcrumb\",\"itemListElement\":[{\"@type\":\"ListItem\",\"position\":1,\"name\":\"Portada\",\"item\":\"https:\/\/grupoescencia.com\/en\/\"},{\"@type\":\"ListItem\",\"position\":2,\"name\":\"Blog\"}]},{\"@type\":\"WebSite\",\"@id\":\"https:\/\/grupoescencia.com\/#website\",\"url\":\"https:\/\/grupoescencia.com\/\",\"name\":\"Grupo Escencia\",\"description\":\"Sitio realizado con WordPress\",\"publisher\":{\"@id\":\"https:\/\/grupoescencia.com\/#organization\"},\"potentialAction\":[{\"@type\":\"SearchAction\",\"target\":{\"@type\":\"EntryPoint\",\"urlTemplate\":\"https:\/\/grupoescencia.com\/?s={search_term_string}\"},\"query-input\":\"required name=search_term_string\"}],\"inLanguage\":\"en-US\"},{\"@type\":\"Organization\",\"@id\":\"https:\/\/grupoescencia.com\/#organization\",\"name\":\"Grupo Escencia\",\"url\":\"https:\/\/grupoescencia.com\/\",\"logo\":{\"@type\":\"ImageObject\",\"inLanguage\":\"en-US\",\"@id\":\"https:\/\/grupoescencia.com\/#\/schema\/logo\/image\/\",\"url\":\"https:\/\/grupoescencia.com\/wp-content\/uploads\/2021\/10\/Logo-grupo-esencia-navbar.svg\",\"contentUrl\":\"https:\/\/grupoescencia.com\/wp-content\/uploads\/2021\/10\/Logo-grupo-esencia-navbar.svg\",\"width\":70,\"height\":70,\"caption\":\"Grupo Escencia\"},\"image\":{\"@id\":\"https:\/\/grupoescencia.com\/#\/schema\/logo\/image\/\"}}]}<\/script>\n<!-- \/ Yoast SEO plugin. -->","yoast_head_json":{"title":"Blog - Grupo Escencia","robots":{"index":"index","follow":"follow","max-snippet":"max-snippet:-1","max-image-preview":"max-image-preview:large","max-video-preview":"max-video-preview:-1"},"canonical":"https:\/\/grupoescencia.com\/en\/blog\/","og_locale":"en_US","og_type":"article","og_title":"Blog - Grupo Escencia","og_description":"Being Escencia","og_url":"https:\/\/grupoescencia.com\/en\/blog\/","og_site_name":"Grupo Escencia","article_modified_time":"2022-04-28T21:15:29+00:00","twitter_card":"summary_large_image","twitter_misc":{"Est. reading time":"2 minutes"},"schema":{"@context":"https:\/\/schema.org","@graph":[{"@type":"WebPage","@id":"https:\/\/grupoescencia.com\/en\/blog\/","url":"https:\/\/grupoescencia.com\/en\/blog\/","name":"Blog - Grupo Escencia","isPartOf":{"@id":"https:\/\/grupoescencia.com\/#website"},"datePublished":"2021-11-03T21:35:54+00:00","dateModified":"2022-04-28T21:15:29+00:00","breadcrumb":{"@id":"https:\/\/grupoescencia.com\/en\/blog\/#breadcrumb"},"inLanguage":"en-US","potentialAction":[{"@type":"ReadAction","target":["https:\/\/grupoescencia.com\/en\/blog\/"]}]},{"@type":"BreadcrumbList","@id":"https:\/\/grupoescencia.com\/en\/blog\/#breadcrumb","itemListElement":[{"@type":"ListItem","position":1,"name":"Portada","item":"https:\/\/grupoescencia.com\/en\/"},{"@type":"ListItem","position":2,"name":"Blog"}]},{"@type":"WebSite","@id":"https:\/\/grupoescencia.com\/#website","url":"https:\/\/grupoescencia.com\/","name":"Grupo Escencia","description":"Sitio realizado con WordPress","publisher":{"@id":"https:\/\/grupoescencia.com\/#organization"},"potentialAction":[{"@type":"SearchAction","target":{"@type":"EntryPoint","urlTemplate":"https:\/\/grupoescencia.com\/?s={search_term_string}"},"query-input":"required name=search_term_string"}],"inLanguage":"en-US"},{"@type":"Organization","@id":"https:\/\/grupoescencia.com\/#organization","name":"Grupo Escencia","url":"https:\/\/grupoescencia.com\/","logo":{"@type":"ImageObject","inLanguage":"en-US","@id":"https:\/\/grupoescencia.com\/#\/schema\/logo\/image\/","url":"https:\/\/grupoescencia.com\/wp-content\/uploads\/2021\/10\/Logo-grupo-esencia-navbar.svg","contentUrl":"https:\/\/grupoescencia.com\/wp-content\/uploads\/2021\/10\/Logo-grupo-esencia-navbar.svg","width":70,"height":70,"caption":"Grupo Escencia"},"image":{"@id":"https:\/\/grupoescencia.com\/#\/schema\/logo\/image\/"}}]}},"_links":{"self":[{"href":"https:\/\/grupoescencia.com\/en\/wp-json\/wp\/v2\/pages\/1701","targetHints":{"allow":["GET"]}}],"collection":[{"href":"https:\/\/grupoescencia.com\/en\/wp-json\/wp\/v2\/pages"}],"about":[{"href":"https:\/\/grupoescencia.com\/en\/wp-json\/wp\/v2\/types\/page"}],"author":[{"embeddable":true,"href":"https:\/\/grupoescencia.com\/en\/wp-json\/wp\/v2\/users\/1"}],"replies":[{"embeddable":true,"href":"https:\/\/grupoescencia.com\/en\/wp-json\/wp\/v2\/comments?post=1701"}],"version-history":[{"count":7,"href":"https:\/\/grupoescencia.com\/en\/wp-json\/wp\/v2\/pages\/1701\/revisions"}],"predecessor-version":[{"id":2194,"href":"https:\/\/grupoescencia.com\/en\/wp-json\/wp\/v2\/pages\/1701\/revisions\/2194"}],"wp:attachment":[{"href":"https:\/\/grupoescencia.com\/en\/wp-json\/wp\/v2\/media?parent=1701"}],"curies":[{"name":"wp","href":"https:\/\/api.w.org\/{rel}","templated":true}]}}